{"id":407,"date":"2019-08-13T20:43:10","date_gmt":"2019-08-13T20:43:10","guid":{"rendered":"https:\/\/yoplait.ca\/fr\/?page_id=407"},"modified":"2026-02-25T12:19:27","modified_gmt":"2026-02-25T12:19:27","slug":"yop","status":"publish","type":"page","link":"https:\/\/yoplait.ca\/fr\/produits\/yop\/","title":{"rendered":"YOP"},"content":{"rendered":"","protected":false},"excerpt":{"rendered":"","protected":false},"author":28,"featured_media":0,"parent":21,"menu_order":0,"comment_status":"closed","ping_status":"closed","template":"template-modules.php","meta":{"_acf_changed":false,"footnotes":""},"class_list":["post-407","page","type-page","status-publish","hentry"],"acf":[],"yoast_head":"<!-- This site is optimized with the Yoast SEO plugin v27.2 - https:\/\/yoast.com\/product\/yoast-seo-wordpress\/ -->\n<title>Yop - Yogourt nature - Yoplait Canada<\/title>\n<meta name=\"description\" content=\"D\u00e9couvrez les saveurs des yogourts Yop - le yogourt Yoplait qui peut \u00eatre consomm\u00e9 sur la route ! C&#039;est le go\u00fbter id\u00e9al pour toute personne active.\" \/>\n<meta name=\"robots\" content=\"index, follow, max-snippet:-1, max-image-preview:large, max-video-preview:-1\" \/>\n<link rel=\"canonical\" href=\"https:\/\/yoplait.ca\/fr\/produits\/yop\/\" \/>\n<meta property=\"og:locale\" content=\"fr_CA\" \/>\n<meta property=\"og:type\" content=\"article\" \/>\n<meta property=\"og:title\" content=\"Yop - Yogourt nature - Yoplait Canada\" \/>\n<meta property=\"og:description\" content=\"D\u00e9couvrez les saveurs des yogourts Yop - le yogourt Yoplait qui peut \u00eatre consomm\u00e9 sur la route ! C&#039;est le go\u00fbter id\u00e9al pour toute personne active.\" \/>\n<meta property=\"og:url\" content=\"https:\/\/yoplait.ca\/fr\/produits\/yop\/\" \/>\n<meta property=\"og:site_name\" content=\"Yoplait Canada French\" \/>\n<meta property=\"article:modified_time\" content=\"2026-02-25T12:19:27+00:00\" \/>\n<meta name=\"twitter:card\" content=\"summary_large_image\" \/>\n<script type=\"application\/ld+json\" class=\"yoast-schema-graph\">{\"@context\":\"https:\/\/schema.org\",\"@graph\":[{\"@type\":\"WebPage\",\"@id\":\"https:\/\/yoplait.ca\/fr\/produits\/yop\/\",\"url\":\"https:\/\/yoplait.ca\/fr\/produits\/yop\/\",\"name\":\"Yop - Yogourt nature - Yoplait Canada\",\"isPartOf\":{\"@id\":\"https:\/\/yoplait.ca\/fr\/#website\"},\"datePublished\":\"2019-08-13T20:43:10+00:00\",\"dateModified\":\"2026-02-25T12:19:27+00:00\",\"description\":\"D\u00e9couvrez les saveurs des yogourts Yop - le yogourt Yoplait qui peut \u00eatre consomm\u00e9 sur la route ! C'est le go\u00fbter id\u00e9al pour toute personne active.\",\"breadcrumb\":{\"@id\":\"https:\/\/yoplait.ca\/fr\/produits\/yop\/#breadcrumb\"},\"inLanguage\":\"fr-CA\",\"potentialAction\":[{\"@type\":\"ReadAction\",\"target\":[\"https:\/\/yoplait.ca\/fr\/produits\/yop\/\"]}]},{\"@type\":\"BreadcrumbList\",\"@id\":\"https:\/\/yoplait.ca\/fr\/produits\/yop\/#breadcrumb\",\"itemListElement\":[{\"@type\":\"ListItem\",\"position\":1,\"name\":\"Home\",\"item\":\"https:\/\/yoplait.ca\/fr\/\"},{\"@type\":\"ListItem\",\"position\":2,\"name\":\"Produits\",\"item\":\"https:\/\/yoplait.ca\/fr\/produits\/\"},{\"@type\":\"ListItem\",\"position\":3,\"name\":\"YOP\"}]},{\"@type\":\"WebSite\",\"@id\":\"https:\/\/yoplait.ca\/fr\/#website\",\"url\":\"https:\/\/yoplait.ca\/fr\/\",\"name\":\"Yoplait Canada French\",\"description\":\"Just another Your SUPER-powered WP Engine Multisite Install site\",\"potentialAction\":[{\"@type\":\"SearchAction\",\"target\":{\"@type\":\"EntryPoint\",\"urlTemplate\":\"https:\/\/yoplait.ca\/fr\/?s={search_term_string}\"},\"query-input\":{\"@type\":\"PropertyValueSpecification\",\"valueRequired\":true,\"valueName\":\"search_term_string\"}}],\"inLanguage\":\"fr-CA\"}]}<\/script>\n<!-- \/ Yoast SEO plugin. -->","yoast_head_json":{"title":"Yop - Yogourt nature - Yoplait Canada","description":"D\u00e9couvrez les saveurs des yogourts Yop - le yogourt Yoplait qui peut \u00eatre consomm\u00e9 sur la route ! C'est le go\u00fbter id\u00e9al pour toute personne active.","robots":{"index":"index","follow":"follow","max-snippet":"max-snippet:-1","max-image-preview":"max-image-preview:large","max-video-preview":"max-video-preview:-1"},"canonical":"https:\/\/yoplait.ca\/fr\/produits\/yop\/","og_locale":"fr_CA","og_type":"article","og_title":"Yop - Yogourt nature - Yoplait Canada","og_description":"D\u00e9couvrez les saveurs des yogourts Yop - le yogourt Yoplait qui peut \u00eatre consomm\u00e9 sur la route ! C'est le go\u00fbter id\u00e9al pour toute personne active.","og_url":"https:\/\/yoplait.ca\/fr\/produits\/yop\/","og_site_name":"Yoplait Canada French","article_modified_time":"2026-02-25T12:19:27+00:00","twitter_card":"summary_large_image","schema":{"@context":"https:\/\/schema.org","@graph":[{"@type":"WebPage","@id":"https:\/\/yoplait.ca\/fr\/produits\/yop\/","url":"https:\/\/yoplait.ca\/fr\/produits\/yop\/","name":"Yop - Yogourt nature - Yoplait Canada","isPartOf":{"@id":"https:\/\/yoplait.ca\/fr\/#website"},"datePublished":"2019-08-13T20:43:10+00:00","dateModified":"2026-02-25T12:19:27+00:00","description":"D\u00e9couvrez les saveurs des yogourts Yop - le yogourt Yoplait qui peut \u00eatre consomm\u00e9 sur la route ! C'est le go\u00fbter id\u00e9al pour toute personne active.","breadcrumb":{"@id":"https:\/\/yoplait.ca\/fr\/produits\/yop\/#breadcrumb"},"inLanguage":"fr-CA","potentialAction":[{"@type":"ReadAction","target":["https:\/\/yoplait.ca\/fr\/produits\/yop\/"]}]},{"@type":"BreadcrumbList","@id":"https:\/\/yoplait.ca\/fr\/produits\/yop\/#breadcrumb","itemListElement":[{"@type":"ListItem","position":1,"name":"Home","item":"https:\/\/yoplait.ca\/fr\/"},{"@type":"ListItem","position":2,"name":"Produits","item":"https:\/\/yoplait.ca\/fr\/produits\/"},{"@type":"ListItem","position":3,"name":"YOP"}]},{"@type":"WebSite","@id":"https:\/\/yoplait.ca\/fr\/#website","url":"https:\/\/yoplait.ca\/fr\/","name":"Yoplait Canada French","description":"Just another Your SUPER-powered WP Engine Multisite Install site","potentialAction":[{"@type":"SearchAction","target":{"@type":"EntryPoint","urlTemplate":"https:\/\/yoplait.ca\/fr\/?s={search_term_string}"},"query-input":{"@type":"PropertyValueSpecification","valueRequired":true,"valueName":"search_term_string"}}],"inLanguage":"fr-CA"}]}},"_links":{"self":[{"href":"https:\/\/yoplait.ca\/fr\/wp-json\/wp\/v2\/pages\/407","targetHints":{"allow":["GET"]}}],"collection":[{"href":"https:\/\/yoplait.ca\/fr\/wp-json\/wp\/v2\/pages"}],"about":[{"href":"https:\/\/yoplait.ca\/fr\/wp-json\/wp\/v2\/types\/page"}],"author":[{"embeddable":true,"href":"https:\/\/yoplait.ca\/fr\/wp-json\/wp\/v2\/users\/28"}],"replies":[{"embeddable":true,"href":"https:\/\/yoplait.ca\/fr\/wp-json\/wp\/v2\/comments?post=407"}],"version-history":[{"count":5,"href":"https:\/\/yoplait.ca\/fr\/wp-json\/wp\/v2\/pages\/407\/revisions"}],"predecessor-version":[{"id":1491,"href":"https:\/\/yoplait.ca\/fr\/wp-json\/wp\/v2\/pages\/407\/revisions\/1491"}],"up":[{"embeddable":true,"href":"https:\/\/yoplait.ca\/fr\/wp-json\/wp\/v2\/pages\/21"}],"wp:attachment":[{"href":"https:\/\/yoplait.ca\/fr\/wp-json\/wp\/v2\/media?parent=407"}],"curies":[{"name":"wp","href":"https:\/\/api.w.org\/{rel}","templated":true}]}}